{"id":15,"date":"2025-04-26T15:32:28","date_gmt":"2025-04-26T15:32:28","guid":{"rendered":"https:\/\/kazantek.com\/?page_id=15"},"modified":"2025-04-26T15:34:26","modified_gmt":"2025-04-26T15:34:26","slug":"iletisim","status":"publish","type":"page","link":"https:\/\/kazantek.com\/?page_id=15","title":{"rendered":"\u0130leti\u015fim"},"content":{"rendered":"<p>Kazantek \u00dcr\u00fcn ve Servis Hizmetleri \u0130\u00e7in Bize Ula\u015f\u0131n<\/p>\n<p>Telefon: 0543 955 24 08<\/p>\n<p>WhatsApp: 05439552408<\/p>\n<p>E-posta: kazanteknikservistr@gmail.com<\/p>\n","protected":false},"excerpt":{"rendered":"<p>Kazantek \u00dcr\u00fcn ve Servis Hizmetleri \u0130\u00e7in Bize Ula\u015f\u0131n Telefon: 0543 955 24 08 WhatsApp: 05439552408 E-posta: kazanteknikservistr@gmail.com<\/p>\n","protected":false},"author":2,"featured_media":0,"parent":0,"menu_order":0,"comment_status":"closed","ping_status":"closed","template":"","meta":{"footnotes":""},"class_list":["post-15","page","type-page","status-publish","hentry"],"_links":{"self":[{"href":"https:\/\/kazantek.com\/index.php?rest_route=\/wp\/v2\/pages\/15","targetHints":{"allow":["GET"]}}],"collection":[{"href":"https:\/\/kazantek.com\/index.php?rest_route=\/wp\/v2\/pages"}],"about":[{"href":"https:\/\/kazantek.com\/index.php?rest_route=\/wp\/v2\/types\/page"}],"author":[{"embeddable":true,"href":"https:\/\/kazantek.com\/index.php?rest_route=\/wp\/v2\/users\/2"}],"replies":[{"embeddable":true,"href":"https:\/\/kazantek.com\/index.php?rest_route=%2Fwp%2Fv2%2Fcomments&post=15"}],"version-history":[{"count":3,"href":"https:\/\/kazantek.com\/index.php?rest_route=\/wp\/v2\/pages\/15\/revisions"}],"predecessor-version":[{"id":18,"href":"https:\/\/kazantek.com\/index.php?rest_route=\/wp\/v2\/pages\/15\/revisions\/18"}],"wp:attachment":[{"href":"https:\/\/kazantek.com\/index.php?rest_route=%2Fwp%2Fv2%2Fmedia&parent=15"}],"curies":[{"name":"wp","href":"https:\/\/api.w.org\/{rel}","templated":true}]}}