{"id":19,"date":"2025-04-26T15:45:07","date_gmt":"2025-04-26T15:45:07","guid":{"rendered":"https:\/\/kazantek.com\/?page_id=19"},"modified":"2025-04-26T15:45:07","modified_gmt":"2025-04-26T15:45:07","slug":"hakkimizda","status":"publish","type":"page","link":"https:\/\/kazantek.com\/?page_id=19","title":{"rendered":"Hakk\u0131m\u0131zda"},"content":{"rendered":"<p>Hakk\u0131m\u0131zda<\/p>\n<p>Kazantek Hakk\u0131nda<br \/>\nKazantek, y\u0131llar\u0131n tecr\u00fcbesiyle \u00e7ay kazan\u0131 \u00fcretiminde kaliteyi, teknik servis hizmetinde ise g\u00fcveni temsil eder.<br \/>\nM\u00fc\u015fterilerimize sadece \u00fcr\u00fcn satmakla kalm\u0131yor, sat\u0131\u015f sonras\u0131 teknik destek ve tamir hizmetlerimizle de kesintisiz bir deneyim sunuyoruz.<br \/>\n\u0130\u015fletmenizde \u00e7ay\u0131n hi\u00e7 bitmemesi i\u00e7in, \u00fcretimden servise her a\u015famada yan\u0131n\u0131zday\u0131z.<\/p>\n","protected":false},"excerpt":{"rendered":"<p>Hakk\u0131m\u0131zda Kazantek Hakk\u0131nda Kazantek, y\u0131llar\u0131n tecr\u00fcbesiyle \u00e7ay kazan\u0131 \u00fcretiminde kaliteyi, teknik servis hizmetinde ise g\u00fcveni temsil eder. M\u00fc\u015fterilerimize sadece \u00fcr\u00fcn satmakla kalm\u0131yor, sat\u0131\u015f sonras\u0131 teknik destek ve tamir hizmetlerimizle de kesintisiz bir deneyim sunuyoruz. \u0130\u015fletmenizde \u00e7ay\u0131n hi\u00e7 bitmemesi i\u00e7in, \u00fcretimden servise her a\u015famada yan\u0131n\u0131zday\u0131z.<\/p>\n","protected":false},"author":2,"featured_media":0,"parent":0,"menu_order":0,"comment_status":"closed","ping_status":"closed","template":"","meta":{"footnotes":""},"class_list":["post-19","page","type-page","status-publish","hentry"],"_links":{"self":[{"href":"https:\/\/kazantek.com\/index.php?rest_route=\/wp\/v2\/pages\/19","targetHints":{"allow":["GET"]}}],"collection":[{"href":"https:\/\/kazantek.com\/index.php?rest_route=\/wp\/v2\/pages"}],"about":[{"href":"https:\/\/kazantek.com\/index.php?rest_route=\/wp\/v2\/types\/page"}],"author":[{"embeddable":true,"href":"https:\/\/kazantek.com\/index.php?rest_route=\/wp\/v2\/users\/2"}],"replies":[{"embeddable":true,"href":"https:\/\/kazantek.com\/index.php?rest_route=%2Fwp%2Fv2%2Fcomments&post=19"}],"version-history":[{"count":1,"href":"https:\/\/kazantek.com\/index.php?rest_route=\/wp\/v2\/pages\/19\/revisions"}],"predecessor-version":[{"id":21,"href":"https:\/\/kazantek.com\/index.php?rest_route=\/wp\/v2\/pages\/19\/revisions\/21"}],"wp:attachment":[{"href":"https:\/\/kazantek.com\/index.php?rest_route=%2Fwp%2Fv2%2Fmedia&parent=19"}],"curies":[{"name":"wp","href":"https:\/\/api.w.org\/{rel}","templated":true}]}}